{"id":126,"date":"2020-04-27T18:53:48","date_gmt":"2020-04-27T18:53:48","guid":{"rendered":"https:\/\/www.gruascampeche.com\/?page_id=126"},"modified":"2020-08-02T21:11:29","modified_gmt":"2020-08-02T21:11:29","slug":"nosotros","status":"publish","type":"page","link":"https:\/\/www.gruascampeche.com\/index.php\/nosotros\/","title":{"rendered":"Nosotros"},"content":{"rendered":"\t\t<div data-elementor-type=\"wp-page\" data-elementor-id=\"126\" class=\"elementor elementor-126\" data-elementor-settings=\"[]\">\n\t\t\t\t\t\t<div class=\"elementor-inner\">\n\t\t\t\t\t\t\t<div class=\"elementor-section-wrap\">\n\t\t\t\t\t\t\t<section class=\"elementor-section elementor-top-section elementor-element elementor-element-1f88624 elementor-section-full_width elementor-section-height-default elementor-section-height-default\" data-id=\"1f88624\" data-element_type=\"section\">\n\t\t\t\t\t\t<div class=\"elementor-container elementor-column-gap-default\">\n\t\t\t\t\t\t\t<div class=\"elementor-row\">\n\t\t\t\t\t<div class=\"elementor-column elementor-col-100 elementor-top-column elementor-element elementor-element-6219f31\" data-id=\"6219f31\" data-element_type=\"column\">\n\t\t\t<div class=\"elementor-column-wrap elementor-element-populated\">\n\t\t\t\t\t\t\t<div class=\"elementor-widget-wrap\">\n\t\t\t\t\t\t<div class=\"elementor-element elementor-element-02a4f6f elementor-widget elementor-widget-image\" data-id=\"02a4f6f\" data-element_type=\"widget\" data-widget_type=\"image.default\">\n\t\t\t\t<div class=\"elementor-widget-container\">\n\t\t\t\t\t<div class=\"elementor-image\">\n\t\t\t\t\t\t\t\t\t\t<img src=\"https:\/\/www.gruascampeche.com\/wp-content\/uploads\/2020\/04\/nosotros-calidad-02.png\" title=\"\" alt=\"\" \/>\t\t\t\t\t\t\t\t\t\t\t<\/div>\n\t\t\t\t<\/div>\n\t\t\t\t<\/div>\n\t\t\t\t\t\t<\/div>\n\t\t\t\t\t<\/div>\n\t\t<\/div>\n\t\t\t\t\t\t\t\t<\/div>\n\t\t\t\t\t<\/div>\n\t\t<\/section>\n\t\t\t\t<section class=\"elementor-section elementor-top-section elementor-element elementor-element-620f810d elementor-section-stretched elementor-section-boxed elementor-section-height-default elementor-section-height-default\" data-id=\"620f810d\" data-element_type=\"section\" data-settings=\"{&quot;stretch_section&quot;:&quot;section-stretched&quot;,&quot;background_background&quot;:&quot;classic&quot;}\">\n\t\t\t\t\t\t<div class=\"elementor-container elementor-column-gap-default\">\n\t\t\t\t\t\t\t<div class=\"elementor-row\">\n\t\t\t\t\t<div class=\"elementor-column elementor-col-100 elementor-top-column elementor-element elementor-element-3da2f731\" data-id=\"3da2f731\" data-element_type=\"column\">\n\t\t\t<div class=\"elementor-column-wrap elementor-element-populated\">\n\t\t\t\t\t\t\t<div class=\"elementor-widget-wrap\">\n\t\t\t\t\t\t<div class=\"elementor-element elementor-element-1d0b758d elementor-widget elementor-widget-text-editor\" data-id=\"1d0b758d\" data-element_type=\"widget\" data-widget_type=\"text-editor.default\">\n\t\t\t\t<div class=\"elementor-widget-container\">\n\t\t\t\t\t<div class=\"elementor-text-editor elementor-clearfix\"><!-- wp:paragraph -->\n<p>La empresa Gr\u00faas Campeche, tuvo sus or\u00edgenes en el a\u00f1o 1963 en la ciudad y puerto de San Francisco de Campeche, Campeche, establecida en el barrio de San Rom\u00e1n de dicha ciudad, por el Sr. Pablo Fuentes D\u00edaz; desde su fundaci\u00f3n su giro fue prestar el servicio de arrastre y salvamento, aunque en esos tiempos la densidad vehicular era muy baja, lo que orill\u00f3 a ofrecer otros tipos de servicio como: la colocaci\u00f3n de postes de luz y transporte de maquinar\u00eda de barcos camaroneros, contando en aquel entonces con tan solo una unidad, modelo Dodge 1957.<br>Con el paso de los a\u00f1os se han ido adquiriendo y modernizando las unidades, as\u00ed como los equipos para poder satisfacer las necesidades de nuestros clientes, con el fin de ofrecer el mejor servicio.<\/p>\n<!-- \/wp:paragraph --><\/div>\n\t\t\t\t<\/div>\n\t\t\t\t<\/div>\n\t\t\t\t<section class=\"elementor-section elementor-inner-section elementor-element elementor-element-293290c2 elementor-section-boxed elementor-section-height-default elementor-section-height-default\" data-id=\"293290c2\" data-element_type=\"section\">\n\t\t\t\t\t\t<div class=\"elementor-container elementor-column-gap-default\">\n\t\t\t\t\t\t\t<div class=\"elementor-row\">\n\t\t\t\t\t<div class=\"elementor-column elementor-col-50 elementor-inner-column elementor-element elementor-element-2bf8e559\" data-id=\"2bf8e559\" data-element_type=\"column\">\n\t\t\t<div class=\"elementor-column-wrap elementor-element-populated\">\n\t\t\t\t\t\t\t<div class=\"elementor-widget-wrap\">\n\t\t\t\t\t\t<div class=\"elementor-element elementor-element-5fb29b2d elementor-invisible elementor-widget elementor-widget-image\" data-id=\"5fb29b2d\" data-element_type=\"widget\" data-settings=\"{&quot;_animation&quot;:&quot;fadeIn&quot;}\" data-widget_type=\"image.default\">\n\t\t\t\t<div class=\"elementor-widget-container\">\n\t\t\t\t\t<div class=\"elementor-image\">\n\t\t\t\t\t\t\t\t\t\t<img width=\"49\" height=\"56\" src=\"https:\/\/www.gruascampeche.com\/wp-content\/uploads\/2020\/04\/Recurso-2.png\" class=\"attachment-full size-full\" alt=\"Escudo gruas campeche\" loading=\"lazy\" \/>\t\t\t\t\t\t\t\t\t\t\t<\/div>\n\t\t\t\t<\/div>\n\t\t\t\t<\/div>\n\t\t\t\t\t\t<\/div>\n\t\t\t\t\t<\/div>\n\t\t<\/div>\n\t\t\t\t<div class=\"elementor-column elementor-col-50 elementor-inner-column elementor-element elementor-element-1421cc16\" data-id=\"1421cc16\" data-element_type=\"column\">\n\t\t\t<div class=\"elementor-column-wrap elementor-element-populated\">\n\t\t\t\t\t\t\t<div class=\"elementor-widget-wrap\">\n\t\t\t\t\t\t<div class=\"elementor-element elementor-element-25716289 elementor-widget elementor-widget-text-editor\" data-id=\"25716289\" data-element_type=\"widget\" data-widget_type=\"text-editor.default\">\n\t\t\t\t<div class=\"elementor-widget-container\">\n\t\t\t\t\t<div class=\"elementor-text-editor elementor-clearfix\"><p><strong>Misi\u00f3n<\/strong><\/p>\n<p><span style=\"font-size: inherit; text-align: inherit;\">Brindar servicios de arrastre, salvamento y auxilio vial a todo tipo de veh\u00edculos, con los equipos adecuados y un personal altamente comprometido y especializado, para cumplir las expectativas del cliente en cuanto a tiempo y calidad, con el mejor trato al mejor precio.<\/span><\/p><\/div>\n\t\t\t\t<\/div>\n\t\t\t\t<\/div>\n\t\t\t\t\t\t<\/div>\n\t\t\t\t\t<\/div>\n\t\t<\/div>\n\t\t\t\t\t\t\t\t<\/div>\n\t\t\t\t\t<\/div>\n\t\t<\/section>\n\t\t\t\t<section class=\"elementor-section elementor-inner-section elementor-element elementor-element-39c5fdd elementor-section-boxed elementor-section-height-default elementor-section-height-default\" data-id=\"39c5fdd\" data-element_type=\"section\">\n\t\t\t\t\t\t<div class=\"elementor-container elementor-column-gap-default\">\n\t\t\t\t\t\t\t<div class=\"elementor-row\">\n\t\t\t\t\t<div class=\"elementor-column elementor-col-50 elementor-inner-column elementor-element elementor-element-8e441e7\" data-id=\"8e441e7\" data-element_type=\"column\">\n\t\t\t<div class=\"elementor-column-wrap elementor-element-populated\">\n\t\t\t\t\t\t\t<div class=\"elementor-widget-wrap\">\n\t\t\t\t\t\t<div class=\"elementor-element elementor-element-0ff09a1 elementor-invisible elementor-widget elementor-widget-image\" data-id=\"0ff09a1\" data-element_type=\"widget\" data-settings=\"{&quot;_animation&quot;:&quot;fadeIn&quot;}\" data-widget_type=\"image.default\">\n\t\t\t\t<div class=\"elementor-widget-container\">\n\t\t\t\t\t<div class=\"elementor-image\">\n\t\t\t\t\t\t\t\t\t\t<img width=\"81\" height=\"46\" src=\"https:\/\/www.gruascampeche.com\/wp-content\/uploads\/2020\/04\/Recurso-3.png\" class=\"attachment-large size-large\" alt=\"gruas campeche\" loading=\"lazy\" \/>\t\t\t\t\t\t\t\t\t\t\t<\/div>\n\t\t\t\t<\/div>\n\t\t\t\t<\/div>\n\t\t\t\t\t\t<\/div>\n\t\t\t\t\t<\/div>\n\t\t<\/div>\n\t\t\t\t<div class=\"elementor-column elementor-col-50 elementor-inner-column elementor-element elementor-element-8dcf947\" data-id=\"8dcf947\" data-element_type=\"column\">\n\t\t\t<div class=\"elementor-column-wrap elementor-element-populated\">\n\t\t\t\t\t\t\t<div class=\"elementor-widget-wrap\">\n\t\t\t\t\t\t<div class=\"elementor-element elementor-element-ab28e6c elementor-widget elementor-widget-text-editor\" data-id=\"ab28e6c\" data-element_type=\"widget\" data-widget_type=\"text-editor.default\">\n\t\t\t\t<div class=\"elementor-widget-container\">\n\t\t\t\t\t<div class=\"elementor-text-editor elementor-clearfix\"><p><strong>Visi\u00f3n <\/strong><\/p><p>Hacer de Gr\u00faas Campeche la empresa l\u00edder 100% campechana en el servicio de gr\u00faas a nivel estatal basado en m\u00e1s de 50 a\u00f1os de experiencia en el mercado, por medio de nuestra capacidad, pol\u00edtica de calidad, valores y tecnolog\u00eda.<\/p><\/div>\n\t\t\t\t<\/div>\n\t\t\t\t<\/div>\n\t\t\t\t\t\t<\/div>\n\t\t\t\t\t<\/div>\n\t\t<\/div>\n\t\t\t\t\t\t\t\t<\/div>\n\t\t\t\t\t<\/div>\n\t\t<\/section>\n\t\t\t\t<section class=\"elementor-section elementor-inner-section elementor-element elementor-element-95ee18f elementor-section-boxed elementor-section-height-default elementor-section-height-default\" data-id=\"95ee18f\" data-element_type=\"section\">\n\t\t\t\t\t\t<div class=\"elementor-container elementor-column-gap-default\">\n\t\t\t\t\t\t\t<div class=\"elementor-row\">\n\t\t\t\t\t<div class=\"elementor-column elementor-col-50 elementor-inner-column elementor-element elementor-element-54766b8\" data-id=\"54766b8\" data-element_type=\"column\">\n\t\t\t<div class=\"elementor-column-wrap elementor-element-populated\">\n\t\t\t\t\t\t\t<div class=\"elementor-widget-wrap\">\n\t\t\t\t\t\t<div class=\"elementor-element elementor-element-4d052cb elementor-invisible elementor-widget elementor-widget-image\" data-id=\"4d052cb\" data-element_type=\"widget\" data-settings=\"{&quot;_animation&quot;:&quot;fadeIn&quot;}\" data-widget_type=\"image.default\">\n\t\t\t\t<div class=\"elementor-widget-container\">\n\t\t\t\t\t<div class=\"elementor-image\">\n\t\t\t\t\t\t\t\t\t\t<img width=\"85\" height=\"58\" src=\"https:\/\/www.gruascampeche.com\/wp-content\/uploads\/2020\/04\/Recurso-1.png\" class=\"attachment-large size-large\" alt=\"personal gruas campeche\" loading=\"lazy\" \/>\t\t\t\t\t\t\t\t\t\t\t<\/div>\n\t\t\t\t<\/div>\n\t\t\t\t<\/div>\n\t\t\t\t\t\t<\/div>\n\t\t\t\t\t<\/div>\n\t\t<\/div>\n\t\t\t\t<div class=\"elementor-column elementor-col-50 elementor-inner-column elementor-element elementor-element-45805b0\" data-id=\"45805b0\" data-element_type=\"column\">\n\t\t\t<div class=\"elementor-column-wrap elementor-element-populated\">\n\t\t\t\t\t\t\t<div class=\"elementor-widget-wrap\">\n\t\t\t\t\t\t<div class=\"elementor-element elementor-element-fc04476 elementor-widget elementor-widget-text-editor\" data-id=\"fc04476\" data-element_type=\"widget\" data-widget_type=\"text-editor.default\">\n\t\t\t\t<div class=\"elementor-widget-container\">\n\t\t\t\t\t<div class=\"elementor-text-editor elementor-clearfix\"><p><strong>Valores<\/strong><\/p><p>Con el fin de proporcionar un servicio de alta calidad nuestro personal opera con:<\/p><p>\u2022 Responsabilidad \u2022 Confianza \u2022 Calidad\u00a0 \u00a0 \u00a0 \u00a0 \u00a0 \u00a0 \u00a0 \u00a0\u2022 Profesionalismo \u2022 Honradez<\/p><\/div>\n\t\t\t\t<\/div>\n\t\t\t\t<\/div>\n\t\t\t\t\t\t<\/div>\n\t\t\t\t\t<\/div>\n\t\t<\/div>\n\t\t\t\t\t\t\t\t<\/div>\n\t\t\t\t\t<\/div>\n\t\t<\/section>\n\t\t\t\t\t\t<\/div>\n\t\t\t\t\t<\/div>\n\t\t<\/div>\n\t\t\t\t\t\t\t\t<\/div>\n\t\t\t\t\t<\/div>\n\t\t<\/section>\n\t\t\t\t\t\t<\/div>\n\t\t\t\t\t\t<\/div>\n\t\t\t\t\t<\/div>\n\t\t","protected":false},"excerpt":{"rendered":"<p>La empresa Gr\u00faas Campeche, tuvo sus or\u00edgenes en el a\u00f1o 1963 en la ciudad y puerto de San Francisco de Campeche, Campeche, establecida en el barrio de San Rom\u00e1n de dicha ciudad, por el Sr. Pablo Fuentes D\u00edaz; desde su fundaci\u00f3n su giro fue prestar el servicio de arrastre y salvamento, aunque en esos tiempos [&hellip;]<\/p>\n","protected":false},"author":1,"featured_media":0,"parent":0,"menu_order":0,"comment_status":"closed","ping_status":"closed","template":"","meta":[],"yoast_head":"<!-- This site is optimized with the Yoast SEO plugin v15.7 - https:\/\/yoast.com\/wordpress\/plugins\/seo\/ -->\n<title>Gr\u00faas campeche<\/title>\n<meta name=\"description\" content=\"Brindamos servicios de gr\u00faas de arrastre, salvamento y auxilio vial a todo tipo de veh\u00edculos, con los equipos adecuados y un personal altamente comprometido y especializado.\" \/>\n<meta name=\"robots\" content=\"index, follow, max-snippet:-1, max-image-preview:large, max-video-preview:-1\" \/>\n<link rel=\"canonical\" href=\"https:\/\/www.gruascampeche.com\/index.php\/nosotros\/\" \/>\n<meta property=\"og:locale\" content=\"es_ES\" \/>\n<meta property=\"og:type\" content=\"article\" \/>\n<meta property=\"og:title\" content=\"Gr\u00faas campeche\" \/>\n<meta property=\"og:description\" content=\"Brindamos servicios de gr\u00faas de arrastre, salvamento y auxilio vial a todo tipo de veh\u00edculos, con los equipos adecuados y un personal altamente comprometido y especializado.\" \/>\n<meta property=\"og:url\" content=\"https:\/\/www.gruascampeche.com\/index.php\/nosotros\/\" \/>\n<meta property=\"article:modified_time\" content=\"2020-08-02T21:11:29+00:00\" \/>\n<meta property=\"og:image\" content=\"https:\/\/www.gruascampeche.com\/wp-content\/uploads\/2020\/04\/nosotros-calidad-02.png\" \/>\n<meta name=\"twitter:card\" content=\"summary_large_image\" \/>\n<meta name=\"twitter:label1\" content=\"Tiempo de lectura\">\n\t<meta name=\"twitter:data1\" content=\"1 minuto\">\n<script type=\"application\/ld+json\" class=\"yoast-schema-graph\">{\"@context\":\"https:\/\/schema.org\",\"@graph\":[{\"@type\":\"WebSite\",\"@id\":\"https:\/\/www.gruascampeche.com\/#website\",\"url\":\"https:\/\/www.gruascampeche.com\/\",\"name\":\"\",\"description\":\"\",\"potentialAction\":[{\"@type\":\"SearchAction\",\"target\":\"https:\/\/www.gruascampeche.com\/?s={search_term_string}\",\"query-input\":\"required name=search_term_string\"}],\"inLanguage\":\"es\"},{\"@type\":\"ImageObject\",\"@id\":\"https:\/\/www.gruascampeche.com\/index.php\/nosotros\/#primaryimage\",\"inLanguage\":\"es\",\"url\":\"https:\/\/www.gruascampeche.com\/wp-content\/uploads\/2020\/04\/nosotros-calidad-02.png\"},{\"@type\":\"WebPage\",\"@id\":\"https:\/\/www.gruascampeche.com\/index.php\/nosotros\/#webpage\",\"url\":\"https:\/\/www.gruascampeche.com\/index.php\/nosotros\/\",\"name\":\"Gr\\u00faas campeche\",\"isPartOf\":{\"@id\":\"https:\/\/www.gruascampeche.com\/#website\"},\"primaryImageOfPage\":{\"@id\":\"https:\/\/www.gruascampeche.com\/index.php\/nosotros\/#primaryimage\"},\"datePublished\":\"2020-04-27T18:53:48+00:00\",\"dateModified\":\"2020-08-02T21:11:29+00:00\",\"description\":\"Brindamos servicios de gr\\u00faas de arrastre, salvamento y auxilio vial a todo tipo de veh\\u00edculos, con los equipos adecuados y un personal altamente comprometido y especializado.\",\"inLanguage\":\"es\",\"potentialAction\":[{\"@type\":\"ReadAction\",\"target\":[\"https:\/\/www.gruascampeche.com\/index.php\/nosotros\/\"]}]}]}<\/script>\n<!-- \/ Yoast SEO plugin. -->","_links":{"self":[{"href":"https:\/\/www.gruascampeche.com\/index.php\/wp-json\/wp\/v2\/pages\/126"}],"collection":[{"href":"https:\/\/www.gruascampeche.com\/index.php\/wp-json\/wp\/v2\/pages"}],"about":[{"href":"https:\/\/www.gruascampeche.com\/index.php\/wp-json\/wp\/v2\/types\/page"}],"author":[{"embeddable":true,"href":"https:\/\/www.gruascampeche.com\/index.php\/wp-json\/wp\/v2\/users\/1"}],"replies":[{"embeddable":true,"href":"https:\/\/www.gruascampeche.com\/index.php\/wp-json\/wp\/v2\/comments?post=126"}],"version-history":[{"count":11,"href":"https:\/\/www.gruascampeche.com\/index.php\/wp-json\/wp\/v2\/pages\/126\/revisions"}],"predecessor-version":[{"id":197,"href":"https:\/\/www.gruascampeche.com\/index.php\/wp-json\/wp\/v2\/pages\/126\/revisions\/197"}],"wp:attachment":[{"href":"https:\/\/www.gruascampeche.com\/index.php\/wp-json\/wp\/v2\/media?parent=126"}],"curies":[{"name":"wp","href":"https:\/\/api.w.org\/{rel}","templated":true}]}}